{"id":3902,"date":"2024-11-25T08:19:10","date_gmt":"2024-11-25T08:19:10","guid":{"rendered":"https:\/\/regenerative-thermal-oxidizers.com\/?page_id=3902"},"modified":"2024-11-26T09:56:43","modified_gmt":"2024-11-26T09:56:43","slug":"rto-for-carbon-industry","status":"publish","type":"page","link":"https:\/\/regenerative-thermal-oxidizers.com\/ro\/rto-for-carbon-industry\/","title":{"rendered":"Tratarea gazelor arse de asfalt (RTO) pentru industria carbonului"},"content":{"rendered":"<p>[et_pb_section fb_built=”1″ fullwidth=”on” _builder_version=”4.27.0″ _module_preset=”default” global_colors_info=”{}”][et_pb_fullwidth_header title=”Asphalt Flue Gas Treatment (RTO) for Carbon Industry” button_one_text=”Click Here” _builder_version=”4.27.0″ _module_preset=”default” global_colors_info=”{}”]<\/p>\n<p>Con\u021binutul t\u0103u ajunge aici. Edita\u021bi sau elimina\u021bi acest text \u00een linie sau \u00een modulul Set\u0103ri con\u021binut. De asemenea, pute\u021bi stila fiecare aspect al acestui con\u021binut \u00een modulul Set\u0103ri de proiectare \u0219i chiar pute\u021bi aplica CSS personalizat acestui text \u00een modulul Set\u0103ri avansate.<\/p>\n<p>[\/et_pb_fullwidth_header][\/et_pb_section][et_pb_section fb_built=”1″ theme_builder_area=”post_content” _builder_version=”4.27.0″ _module_preset=”default”][et_pb_row _builder_version=”4.27.0″ _module_preset=”default” theme_builder_area=”post_content”][et_pb_column _builder_version=”4.27.0″ _module_preset=”default” type=”4_4″ theme_builder_area=”post_content”][et_pb_text _builder_version=”4.27.0″ _module_preset=”default” theme_builder_area=”post_content” hover_enabled=”0″ sticky_enabled=”0″]<\/p>\n<h2 style=\"text-align: center;\"><strong>Industrii de fabrica\u021bie legate de industria carbonului<\/strong><\/h2>\n<p>[\/et_pb_text][\/et_pb_column][\/et_pb_row][et_pb_row _builder_version=”4.27.0″ _module_preset=”default” column_structure=”1_2,1_2″ theme_builder_area=”post_content” use_custom_gutter=”on” gutter_width=”2″ hover_enabled=”0″ sticky_enabled=”0″][et_pb_column _builder_version=”4.27.0″ _module_preset=”default” type=”1_2″ theme_builder_area=”post_content”][et_pb_text _builder_version=”4.27.0″ _module_preset=”default” theme_builder_area=”post_content” hover_enabled=”0″ sticky_enabled=”0″]<\/p>\n<p>Industria carbonului implic\u0103 \u00een principal produc\u021bia \u0219i prelucrarea diferitelor materiale pe baz\u0103 de carbon, care sunt utilizate pe scar\u0103 larg\u0103 \u00een multiple domenii de produc\u021bie. Cuprinz\u00e2nd \u00een principal:<\/p>\n<ul>\n<li><strong>Fabricarea produselor din grafit:<\/strong> electrozi de grafit, matri\u021be din grafit, lubrifian\u021bi din grafit<\/li>\n<li><strong>Fabricarea fibrei de carbon \u0219i a materialelor compozite:<\/strong> Materiale plastice armate cu fibr\u0103 de carbon (CFRP), fibr\u0103 de carbon preimpregnat\u0103, \u021bes\u0103tur\u0103 din fibr\u0103 de carbon<\/li>\n<li><strong>Fabricarea negru de fum:<\/strong> industria cauciucului \u0219i anvelopelor, industria materialelor plastice \u0219i a vopselelor, industria cernelurilor \u0219i tipografiei<\/li>\n<li><strong>Produc\u021bia de carbur\u0103 de siliciu \u0219i carbur\u0103 de bor:<\/strong> materiale refractare, abrazive \u0219i scule de \u0219lefuit, materiale semiconductoare<\/li>\n<li><strong>Fabricarea electrozilor \u0219i anodului:<\/strong> anozi pentru celule de electroliz\u0103 din aluminiu, electrozi pentru industria siderurgic\u0103, electrozi de carbon pentru industria bateriilor<\/li>\n<li><strong>Fabricarea c\u0103rbunelui activ:<\/strong> tratarea apei \u0219i purificarea aerului, industriile farmaceutice \u0219i alimentare, protec\u021bia mediului \u0219i industriile chimice<\/li>\n<\/ul>\n<p>[\/et_pb_text][\/et_pb_column][et_pb_column _builder_version=”4.27.0″ _module_preset=”default” type=”1_2″ theme_builder_area=”post_content”][et_pb_image src=”https:\/\/regenerative-thermal-oxidizers.com\/wp-content\/uploads\/2024\/11\/0-Carbon-industry-rto-8.webp” _builder_version=”4.27.0″ _module_preset=”default” theme_builder_area=”post_content” alt=”Carbon industry rto” title_text=”0-Carbon industry rto-8″ hover_enabled=”0″ sticky_enabled=”0″][\/et_pb_image][\/et_pb_column][\/et_pb_row][\/et_pb_section][et_pb_section fb_built=”1″ _builder_version=”4.27.0″ _module_preset=”default” global_colors_info=”{}”][et_pb_row _builder_version=”4.27.0″ _module_preset=”default” global_colors_info=”{}”][et_pb_column type=”4_4″ _builder_version=”4.27.0″ _module_preset=”default” global_colors_info=”{}”][et_pb_image src=”https:\/\/regenerative-thermal-oxidizers.com\/wp-content\/uploads\/2024\/11\/0-Carbon-industry-rto-1.webp” alt=”Carbon industry rto” title_text=”0-Carbon industry rto-1″ align=”center” _builder_version=”4.27.0″ _module_preset=”default” global_colors_info=”{}”][\/et_pb_image][et_pb_text _builder_version=”4.27.0″ _module_preset=”default” text_font_size=”18px” global_colors_info=”{}”]<\/p>\n<p style=\"text-align: center;\"><strong>Filtru din plas\u0103 de s\u00e2rm\u0103 + RTO + ventilator principal post-instalat + purjare cu aer cald pentru a preveni blocarea<\/strong><\/p>\n<p>[\/et_pb_text][\/et_pb_column][\/et_pb_row][et_pb_row _builder_version=”4.27.0″ _module_preset=”default” global_colors_info=”{}”][et_pb_column type=”4_4″ _builder_version=”4.27.0″ _module_preset=”default” global_colors_info=”{}”][et_pb_text _builder_version=”4.27.0″ _module_preset=”default” global_colors_info=”{}”]<\/p>\n<h2><strong>(1) Pretratarea gazelor arse asfaltice<\/strong><\/h2>\n<p><strong>Gazele arse asfaltice sunt filtrate \u0219i dezuleizate \u00eenainte de a intra \u00een RTO, cu o eficien\u021b\u0103 de separare a uleiului-gaz de p\u00e2n\u0103 la 90%<\/strong><\/p>\n<p>[\/et_pb_text][\/et_pb_column][\/et_pb_row][et_pb_row column_structure=”1_3,1_3,1_3″ use_custom_gutter=”on” gutter_width=”1″ _builder_version=”4.27.0″ _module_preset=”default” global_colors_info=”{}”][et_pb_column type=”1_3″ _builder_version=”4.27.0″ _module_preset=”default” global_colors_info=”{}”][et_pb_blurb title=”Cyclone separator” image=”https:\/\/regenerative-thermal-oxidizers.com\/wp-content\/uploads\/2024\/11\/0-Carbon-industry-rto-2.webp” alt=”Carbon industry rto” _builder_version=”4.27.0″ _module_preset=”default” global_colors_info=”{}”][\/et_pb_blurb][\/et_pb_column][et_pb_column type=”1_3″ _builder_version=”4.27.0″ _module_preset=”default” global_colors_info=”{}”][et_pb_blurb title=”Wire mesh filter” image=”https:\/\/regenerative-thermal-oxidizers.com\/wp-content\/uploads\/2024\/11\/0-Carbon-industry-rto-3.webp” alt=”Carbon industry rto” _builder_version=”4.27.0″ _module_preset=”default” global_colors_info=”{}”][\/et_pb_blurb][\/et_pb_column][et_pb_column type=”1_3″ _builder_version=”4.27.0″ _module_preset=”default” global_colors_info=”{}”][et_pb_blurb title=”Rotary valve type RTO” image=”https:\/\/regenerative-thermal-oxidizers.com\/wp-content\/uploads\/2024\/11\/0-Carbon-industry-rto-4.webp” alt=”Carbon industry rto” _builder_version=”4.27.0″ _module_preset=”default” global_colors_info=”{}”][\/et_pb_blurb][\/et_pb_column][\/et_pb_row][et_pb_row _builder_version=”4.27.0″ _module_preset=”default” global_colors_info=”{}”][et_pb_column type=”4_4″ _builder_version=”4.27.0″ _module_preset=”default” global_colors_info=”{}”][et_pb_text _builder_version=”4.27.0″ _module_preset=”default” global_colors_info=”{}”]<\/p>\n<h2><strong>(2) Tehnologie anti-blocare pentru copolimeri cu punct de fierbere ridicat<\/strong><\/h2>\n<p>&nbsp;<\/p>\n<p>[\/et_pb_text][\/et_pb_column][\/et_pb_row][et_pb_row column_structure=”1_2,1_2″ _builder_version=”4.27.0″ _module_preset=”default” global_colors_info=”{}”][et_pb_column type=”1_2″ _builder_version=”4.27.0″ _module_preset=”default” global_colors_info=”{}”][et_pb_text _builder_version=”4.27.0″ _module_preset=”default” global_colors_info=”{}”]<\/p>\n<p><strong>Configura\u021bi dispozitivul de \u00eenc\u0103lzire cu abur pentru purjare (sau \u00eenc\u0103lzire electric\u0103)<\/strong><\/p>\n<p>Av\u00e2nd \u00een vedere c\u0103 o cantitate mic\u0103 de substan\u021be uleioase \u0219i lipicioase se va acumula pe c\u0103r\u0103mizile de stocare a c\u0103ldurii \u00een timpul func\u021bion\u0103rii pe termen lung a RTO, se instaleaz\u0103 o conduct\u0103 de gaz de purjare la temperatur\u0103 \u00eenalt\u0103, iar aerul proasp\u0103t este pre\u00eenc\u0103lzit \u00een mod regulat la 180 \u2103 la temperatur\u0103 \u00eenalt\u0103. aer. Substan\u021bele uleioase \u0219i lipicioase r\u0103mase \u00een corpul cuptorului sunt evaporate \u0219i suflate \u00een camera de oxidare pentru descompunere ulterioar\u0103.<\/p>\n<p>[\/et_pb_text][et_pb_image src=”https:\/\/regenerative-thermal-oxidizers.com\/wp-content\/uploads\/2024\/11\/0-Carbon-industry-rto-6.webp” alt=”Carbon industry rto” title_text=”0-Carbon industry rto-6″ align=”center” _builder_version=”4.27.0″ _module_preset=”default” global_colors_info=”{}”][\/et_pb_image][\/et_pb_column][et_pb_column type=”1_2″ _builder_version=”4.27.0″ _module_preset=”default” global_colors_info=”{}”][et_pb_image src=”https:\/\/regenerative-thermal-oxidizers.com\/wp-content\/uploads\/2024\/11\/0-Carbon-industry-rto-5.webp” alt=”Carbon industry rto” title_text=”0-Carbon industry rto-5″ _builder_version=”4.27.0″ _module_preset=”default” global_colors_info=”{}”][\/et_pb_image][\/et_pb_column][\/et_pb_row][et_pb_row _builder_version=”4.27.0″ _module_preset=”default” global_colors_info=”{}”][et_pb_column type=”4_4″ _builder_version=”4.27.0″ _module_preset=”default” global_colors_info=”{}”][et_pb_text _builder_version=”4.27.0″ _module_preset=”default” hover_enabled=”0″ global_colors_info=”{}” sticky_enabled=”0″]<\/p>\n<h2><strong>(3) Tehnologia de \u00eenlocuire rapid\u0103 a c\u0103r\u0103mizilor de stocare a c\u0103ldurii<\/strong><\/h2>\n<p>&nbsp;<\/p>\n<p>[\/et_pb_text][\/et_pb_column][\/et_pb_row][et_pb_row _builder_version=”4.27.0″ _module_preset=”default” column_structure=”1_2,1_2″][et_pb_column _builder_version=”4.27.0″ _module_preset=”default” type=”1_2″][et_pb_image src=”https:\/\/regenerative-thermal-oxidizers.com\/wp-content\/uploads\/2024\/11\/0-Carbon-industry-rto.webp” _builder_version=”4.27.0″ _module_preset=”default” alt=”Carbon industry rto” title_text=”0-Carbon industry rto” hover_enabled=”0″ sticky_enabled=”0″][\/et_pb_image][\/et_pb_column][et_pb_column _builder_version=”4.27.0″ _module_preset=”default” type=”1_2″][et_pb_image src=”https:\/\/regenerative-thermal-oxidizers.com\/wp-content\/uploads\/2024\/11\/0-Carbon-industry-rto-1-1.webp” _builder_version=”4.27.0″ _module_preset=”default” alt=”Carbon industry rto” title_text=”0-Carbon industry rto 1″ hover_enabled=”0″ sticky_enabled=”0″][\/et_pb_image][\/et_pb_column][\/et_pb_row][\/et_pb_section][et_pb_section fb_built=”1″ theme_builder_area=”post_content” _builder_version=”4.27.0″ _module_preset=”default”][et_pb_row _builder_version=”4.27.0″ _module_preset=”default” global_colors_info=”{}” theme_builder_area=”post_content”][et_pb_column type=”4_4″ _builder_version=”4.27.0″ _module_preset=”default” global_colors_info=”{}” theme_builder_area=”post_content”][et_pb_text _builder_version=”4.27.0″ _module_preset=”default” hover_enabled=”0″ global_colors_info=”{}” sticky_enabled=”0″ theme_builder_area=”post_content”]<\/p>\n<h2 style=\"text-align: center;\"><strong> Cazuri clasice \u00een industria carbonului<\/strong><\/h2>\n<p>[\/et_pb_text][\/et_pb_column][\/et_pb_row][et_pb_row _builder_version=”4.27.0″ _module_preset=”default” theme_builder_area=”post_content”][et_pb_column _builder_version=”4.27.0″ _module_preset=”default” type=”4_4″ theme_builder_area=”post_content”][et_pb_text _builder_version=”4.27.0″ _module_preset=”default” theme_builder_area=”post_content” hover_enabled=”0″ sticky_enabled=”0″]<\/p>\n<h3 style=\"text-align: center;\">Shandong Zhongxing Carbon Case Site<\/h3>\n<p>&nbsp;<\/p>\n<p><em>Echipament rotativ de tratare a gazelor de e\u0219apament RTO cu volum de aer de carbon 10.000<\/em><\/p>\n<p><img loading=\"lazy\" decoding=\"async\" src=\"https:\/\/regenerative-thermal-oxidizers.com\/wp-content\/uploads\/2024\/11\/0-Carbon-industry-rto-7.webp\" width=\"853\" height=\"513\" alt=\"Industria carbonului rto\" class=\"wp-image-4039 alignnone size-full\" style=\"display: block; margin-left: auto; margin-right: auto;\" title=\"\" srcset=\"https:\/\/regenerative-thermal-oxidizers.com\/wp-content\/uploads\/2024\/11\/0-Carbon-industry-rto-7.webp 853w, https:\/\/regenerative-thermal-oxidizers.com\/wp-content\/uploads\/2024\/11\/0-Carbon-industry-rto-7-480x289.webp 480w\" sizes=\"(min-width: 0px) and (max-width: 480px) 480px, (min-width: 481px) 853px, 100vw\" \/><\/p>\n<p>[\/et_pb_text][\/et_pb_column][\/et_pb_row][\/et_pb_section]<\/p>","protected":false},"excerpt":{"rendered":"<p>Your content goes here. Edit or remove this text inline or in the module Content settings. You can also style every aspect of this content in the module Design settings and even apply custom CSS to this text in the module Advanced settings.Carbon Industry Related Manufacturing IndustriesThe carbon industry mainly involves the production and processing [&hellip;]<\/p>","protected":false},"author":1,"featured_media":0,"parent":0,"menu_order":0,"comment_status":"closed","ping_status":"closed","template":"","meta":{"_et_pb_use_builder":"on","_et_pb_old_content":"","_et_gb_content_width":"","footnotes":""},"class_list":["post-3902","page","type-page","status-publish","hentry"],"rankMath":{"parentDomain":"regenerative-thermal-oxidizers.com","noFollowDomains":[],"noFollowExcludeDomains":[],"noFollowExternalLinks":false,"featuredImageNotice":"Imaginea reprezentativ\u0103 ar trebui s\u0103 fie de cel pu\u021bin 200 x 200 pixeli pentru a fi preluat\u0103 de Facebook \u0219i de alte re\u021bele de socializare.","pluginReviewed":false,"postSettings":{"linkSuggestions":true,"useFocusKeyword":false},"frontEndScore":false,"postName":"rto-for-carbon-industry","permalinkFormat":"https:\/\/regenerative-thermal-oxidizers.com\/ro\/%pagename%\/","showLockModifiedDate":true,"assessor":{"focusKeywordLink":"https:\/\/regenerative-thermal-oxidizers.com\/wp-admin\/edit.php?focus_keyword=%focus_keyword%&post_type=%post_type%","hasTOCPlugin":{"stackable-ultimate-gutenberg-blocks\/plugin.php":"Stackable"},"primaryTaxonomy":false,"serpData":{"title":"","description":"","focusKeywords":"","pillarContent":false,"canonicalUrl":"","breadcrumbTitle":"","advancedRobots":{"max-snippet":"-1","max-video-preview":"-1","max-image-preview":"large"},"facebookTitle":"","facebookDescription":"","facebookImage":"","facebookImageID":"","facebookHasOverlay":false,"facebookImageOverlay":"","facebookAuthor":"","twitterCardType":"","twitterUseFacebook":true,"twitterTitle":"","twitterDescription":"","twitterImage":"","twitterImageID":"","twitterHasOverlay":false,"twitterImageOverlay":"","twitterPlayerUrl":"","twitterPlayerSize":"","twitterPlayerStream":"","twitterPlayerStreamCtype":"","twitterAppDescription":"","twitterAppIphoneName":"","twitterAppIphoneID":"","twitterAppIphoneUrl":"","twitterAppIpadName":"","twitterAppIpadID":"","twitterAppIpadUrl":"","twitterAppGoogleplayName":"","twitterAppGoogleplayID":"","twitterAppGoogleplayUrl":"","twitterAppCountry":"","robots":{"index":true},"twitterAuthor":"nume utilizator","primaryTerm":0,"authorName":"rtoadmin","titleTemplate":"Singapore %title% Supplier Solution%sep% %sitename%","descriptionTemplate":"%excerpt%","showScoreFrontend":true,"lockModifiedDate":false},"powerWords":[],"diacritics":{"A":"[\\u0041\\u24B6\\uFF21\\u00C0\\u00C1\\u00C2\\u1EA6\\u1EA4\\u1EAA\\u1EA8\\u00C3\\u0100\\u0102\\u1EB0\\u1EAE\\u1EB4\\u1EB2\\u0226\\u01E0\\u00C4\\u01DE\\u1EA2\\u00C5\\u01FA\\u01CD\\u0200\\u0202\\u1EA0\\u1EAC\\u1EB6\\u1E00\\u0104\\u023A\\u2C6F]","AA":"[\\uA732]","AE":"[\\u00C6\\u01FC\\u01E2]","AO":"[\\uA734]","AU":"[\\uA736]","AV":"[\\uA738\\uA73A]","AY":"[\\uA73C]","B":"[\\u0042\\u24B7\\uFF22\\u1E02\\u1E04\\u1E06\\u0243\\u0182\\u0181]","C":"[\\u0043\\u24B8\\uFF23\\u0106\\u0108\\u010A\\u010C\\u00C7\\u1E08\\u0187\\u023B\\uA73E]","D":"[\\u0044\\u24B9\\uFF24\\u1E0A\\u010E\\u1E0C\\u1E10\\u1E12\\u1E0E\\u0110\\u018B\\u018A\\u0189\\uA779]","DZ":"[\\u01F1\\u01C4]","Dz":"[\\u01F2\\u01C5]","E":"[\\u0045\\u24BA\\uFF25\\u00C8\\u00C9\\u00CA\\u1EC0\\u1EBE\\u1EC4\\u1EC2\\u1EBC\\u0112\\u1E14\\u1E16\\u0114\\u0116\\u00CB\\u1EBA\\u011A\\u0204\\u0206\\u1EB8\\u1EC6\\u0228\\u1E1C\\u0118\\u1E18\\u1E1A\\u0190\\u018E]","F":"[\\u0046\\u24BB\\uFF26\\u1E1E\\u0191\\uA77B]","G":"[\\u0047\\u24BC\\uFF27\\u01F4\\u011C\\u1E20\\u011E\\u0120\\u01E6\\u0122\\u01E4\\u0193\\uA7A0\\uA77D\\uA77E]","H":"[\\u0048\\u24BD\\uFF28\\u0124\\u1E22\\u1E26\\u021E\\u1E24\\u1E28\\u1E2A\\u0126\\u2C67\\u2C75\\uA78D]","I":"[\\u0049\\u24BE\\uFF29\\u00CC\\u00CD\\u00CE\\u0128\\u012A\\u012C\\u0130\\u00CF\\u1E2E\\u1EC8\\u01CF\\u0208\\u020A\\u1ECA\\u012E\\u1E2C\\u0197]","J":"[\\u004A\\u24BF\\uFF2A\\u0134\\u0248]","K":"[\\u004B\\u24C0\\uFF2B\\u1E30\\u01E8\\u1E32\\u0136\\u1E34\\u0198\\u2C69\\uA740\\uA742\\uA744\\uA7A2]","L":"[\\u004C\\u24C1\\uFF2C\\u013F\\u0139\\u013D\\u1E36\\u1E38\\u013B\\u1E3C\\u1E3A\\u0141\\u023D\\u2C62\\u2C60\\uA748\\uA746\\uA780]","LJ":"[\\u01C7]","Lj":"[\\u01C8]","M":"[\\u004D\\u24C2\\uFF2D\\u1E3E\\u1E40\\u1E42\\u2C6E\\u019C]","N":"[\\u004E\\u24C3\\uFF2E\\u01F8\\u0143\\u00D1\\u1E44\\u0147\\u1E46\\u0145\\u1E4A\\u1E48\\u0220\\u019D\\uA790\\uA7A4]","NJ":"[\\u01CA]","Nj":"[\\u01CB]","O":"[\\u004F\\u24C4\\uFF2F\\u00D2\\u00D3\\u00D4\\u1ED2\\u1ED0\\u1ED6\\u1ED4\\u00D5\\u1E4C\\u022C\\u1E4E\\u014C\\u1E50\\u1E52\\u014E\\u022E\\u0230\\u00D6\\u022A\\u1ECE\\u0150\\u01D1\\u020C\\u020E\\u01A0\\u1EDC\\u1EDA\\u1EE0\\u1EDE\\u1EE2\\u1ECC\\u1ED8\\u01EA\\u01EC\\u00D8\\u01FE\\u0186\\u019F\\uA74A\\uA74C]","OI":"[\\u01A2]","OO":"[\\uA74E]","OU":"[\\u0222]","P":"[\\u0050\\u24C5\\uFF30\\u1E54\\u1E56\\u01A4\\u2C63\\uA750\\uA752\\uA754]","Q":"[\\u0051\\u24C6\\uFF31\\uA756\\uA758\\u024A]","R":"[\\u0052\\u24C7\\uFF32\\u0154\\u1E58\\u0158\\u0210\\u0212\\u1E5A\\u1E5C\\u0156\\u1E5E\\u024C\\u2C64\\uA75A\\uA7A6\\uA782]","S":"[\\u0053\\u24C8\\uFF33\\u1E9E\\u015A\\u1E64\\u015C\\u1E60\\u0160\\u1E66\\u1E62\\u1E68\\u0218\\u015E\\u2C7E\\uA7A8\\uA784]","T":"[\\u0054\\u24C9\\uFF34\\u1E6A\\u0164\\u1E6C\\u021A\\u0162\\u1E70\\u1E6E\\u0166\\u01AC\\u01AE\\u023E\\uA786]","TZ":"[\\uA728]","U":"[\\u0055\\u24CA\\uFF35\\u00D9\\u00DA\\u00DB\\u0168\\u1E78\\u016A\\u1E7A\\u016C\\u00DC\\u01DB\\u01D7\\u01D5\\u01D9\\u1EE6\\u016E\\u0170\\u01D3\\u0214\\u0216\\u01AF\\u1EEA\\u1EE8\\u1EEE\\u1EEC\\u1EF0\\u1EE4\\u1E72\\u0172\\u1E76\\u1E74\\u0244]","V":"[\\u0056\\u24CB\\uFF36\\u1E7C\\u1E7E\\u01B2\\uA75E\\u0245]","VY":"[\\uA760]","W":"[\\u0057\\u24CC\\uFF37\\u1E80\\u1E82\\u0174\\u1E86\\u1E84\\u1E88\\u2C72]","X":"[\\u0058\\u24CD\\uFF38\\u1E8A\\u1E8C]","Y":"[\\u0059\\u24CE\\uFF39\\u1EF2\\u00DD\\u0176\\u1EF8\\u0232\\u1E8E\\u0178\\u1EF6\\u1EF4\\u01B3\\u024E\\u1EFE]","Z":"[\\u005A\\u24CF\\uFF3A\\u0179\\u1E90\\u017B\\u017D\\u1E92\\u1E94\\u01B5\\u0224\\u2C7F\\u2C6B\\uA762]","a":"[\\u0061\\u24D0\\uFF41\\u1E9A\\u00E0\\u00E1\\u00E2\\u1EA7\\u1EA5\\u1EAB\\u1EA9\\u00E3\\u0101\\u0103\\u1EB1\\u1EAF\\u1EB5\\u1EB3\\u0227\\u01E1\\u00E4\\u01DF\\u1EA3\\u00E5\\u01FB\\u01CE\\u0201\\u0203\\u1EA1\\u1EAD\\u1EB7\\u1E01\\u0105\\u2C65\\u0250]","aa":"[\\uA733]","ae":"[\\u00E6\\u01FD\\u01E3]","ao":"[\\uA735]","au":"[\\uA737]","av":"[\\uA739\\uA73B]","ay":"[\\uA73D]","b":"[\\u0062\\u24D1\\uFF42\\u1E03\\u1E05\\u1E07\\u0180\\u0183\\u0253]","c":"[\\u0063\\u24D2\\uFF43\\u0107\\u0109\\u010B\\u010D\\u00E7\\u1E09\\u0188\\u023C\\uA73F\\u2184]","d":"[\\u0064\\u24D3\\uFF44\\u1E0B\\u010F\\u1E0D\\u1E11\\u1E13\\u1E0F\\u0111\\u018C\\u0256\\u0257\\uA77A]","dz":"[\\u01F3\\u01C6]","e":"[\\u0065\\u24D4\\uFF45\\u00E8\\u00E9\\u00EA\\u1EC1\\u1EBF\\u1EC5\\u1EC3\\u1EBD\\u0113\\u1E15\\u1E17\\u0115\\u0117\\u00EB\\u1EBB\\u011B\\u0205\\u0207\\u1EB9\\u1EC7\\u0229\\u1E1D\\u0119\\u1E19\\u1E1B\\u0247\\u025B\\u01DD]","f":"[\\u0066\\u24D5\\uFF46\\u1E1F\\u0192\\uA77C]","g":"[\\u0067\\u24D6\\uFF47\\u01F5\\u011D\\u1E21\\u011F\\u0121\\u01E7\\u0123\\u01E5\\u0260\\uA7A1\\u1D79\\uA77F]","h":"[\\u0068\\u24D7\\uFF48\\u0125\\u1E23\\u1E27\\u021F\\u1E25\\u1E29\\u1E2B\\u1E96\\u0127\\u2C68\\u2C76\\u0265]","hv":"[\\u0195]","i":"[\\u0069\\u24D8\\uFF49\\u00EC\\u00ED\\u00EE\\u0129\\u012B\\u012D\\u00EF\\u1E2F\\u1EC9\\u01D0\\u0209\\u020B\\u1ECB\\u012F\\u1E2D\\u0268\\u0131]","j":"[\\u006A\\u24D9\\uFF4A\\u0135\\u01F0\\u0249]","k":"[\\u006B\\u24DA\\uFF4B\\u1E31\\u01E9\\u1E33\\u0137\\u1E35\\u0199\\u2C6A\\uA741\\uA743\\uA745\\uA7A3]","l":"[\\u006C\\u24DB\\uFF4C\\u0140\\u013A\\u013E\\u1E37\\u1E39\\u013C\\u1E3D\\u1E3B\\u017F\\u0142\\u019A\\u026B\\u2C61\\uA749\\uA781\\uA747]","lj":"[\\u01C9]","m":"[\\u006D\\u24DC\\uFF4D\\u1E3F\\u1E41\\u1E43\\u0271\\u026F]","n":"[\\u006E\\u24DD\\uFF4E\\u01F9\\u0144\\u00F1\\u1E45\\u0148\\u1E47\\u0146\\u1E4B\\u1E49\\u019E\\u0272\\u0149\\uA791\\uA7A5]","nj":"[\\u01CC]","o":"[\\u006F\\u24DE\\uFF4F\\u00F2\\u00F3\\u00F4\\u1ED3\\u1ED1\\u1ED7\\u1ED5\\u00F5\\u1E4D\\u022D\\u1E4F\\u014D\\u1E51\\u1E53\\u014F\\u022F\\u0231\\u00F6\\u022B\\u1ECF\\u0151\\u01D2\\u020D\\u020F\\u01A1\\u1EDD\\u1EDB\\u1EE1\\u1EDF\\u1EE3\\u1ECD\\u1ED9\\u01EB\\u01ED\\u00F8\\u01FF\\u0254\\uA74B\\uA74D\\u0275]","oi":"[\\u01A3]","ou":"[\\u0223]","oo":"[\\uA74F]","p":"[\\u0070\\u24DF\\uFF50\\u1E55\\u1E57\\u01A5\\u1D7D\\uA751\\uA753\\uA755]","q":"[\\u0071\\u24E0\\uFF51\\u024B\\uA757\\uA759]","r":"[\\u0072\\u24E1\\uFF52\\u0155\\u1E59\\u0159\\u0211\\u0213\\u1E5B\\u1E5D\\u0157\\u1E5F\\u024D\\u027D\\uA75B\\uA7A7\\uA783]","s":"[\\u0073\\u24E2\\uFF53\\u015B\\u1E65\\u015D\\u1E61\\u0161\\u1E67\\u1E63\\u1E69\\u0219\\u015F\\u023F\\uA7A9\\uA785\\u1E9B]","ss":"[\\u00DF]","t":"[\\u0074\\u24E3\\uFF54\\u1E6B\\u1E97\\u0165\\u1E6D\\u021B\\u0163\\u1E71\\u1E6F\\u0167\\u01AD\\u0288\\u2C66\\uA787]","tz":"[\\uA729]","u":"[\\u0075\\u24E4\\uFF55\\u00F9\\u00FA\\u00FB\\u0169\\u1E79\\u016B\\u1E7B\\u016D\\u00FC\\u01DC\\u01D8\\u01D6\\u01DA\\u1EE7\\u016F\\u0171\\u01D4\\u0215\\u0217\\u01B0\\u1EEB\\u1EE9\\u1EEF\\u1EED\\u1EF1\\u1EE5\\u1E73\\u0173\\u1E77\\u1E75\\u0289]","v":"[\\u0076\\u24E5\\uFF56\\u1E7D\\u1E7F\\u028B\\uA75F\\u028C]","vy":"[\\uA761]","w":"[\\u0077\\u24E6\\uFF57\\u1E81\\u1E83\\u0175\\u1E87\\u1E85\\u1E98\\u1E89\\u2C73]","x":"[\\u0078\\u24E7\\uFF58\\u1E8B\\u1E8D]","y":"[\\u0079\\u24E8\\uFF59\\u1EF3\\u00FD\\u0177\\u1EF9\\u0233\\u1E8F\\u00FF\\u1EF7\\u1E99\\u1EF5\\u01B4\\u024F\\u1EFF]","z":"[\\u007A\\u24E9\\uFF5A\\u017A\\u1E91\\u017C\\u017E\\u1E93\\u1E95\\u01B6\\u0225\\u0240\\u2C6C\\uA763]"},"researchesTests":["contentHasTOC","contentHasShortParagraphs","contentHasAssets","keywordInTitle","keywordInMetaDescription","keywordInPermalink","keywordIn10Percent","keywordInContent","keywordInSubheadings","keywordInImageAlt","keywordDensity","keywordNotUsed","lengthContent","lengthPermalink","linksHasInternal","linksHasExternals","linksNotAllExternals","titleStartWithKeyword","titleSentiment","titleHasPowerWords","titleHasNumber","hasContentAI"],"hasRedirection":false,"hasBreadcrumb":false},"homeUrl":"https:\/\/regenerative-thermal-oxidizers.com\/ro","objectID":3902,"objectType":"post","locale":"ro","localeFull":"ro_RO","overlayImages":{"play":{"name":"Redare pictogram\u0103","url":"https:\/\/regenerative-thermal-oxidizers.com\/wp-content\/plugins\/seo-by-rank-math\/assets\/admin\/img\/icon-play.png","path":"\/var\/www\/html\/public_html\/wp-content\/plugins\/seo-by-rank-math\/assets\/admin\/img\/icon-play.png","position":"middle_center"},"gif":{"name":"Pictogram\u0103 GIF","url":"https:\/\/regenerative-thermal-oxidizers.com\/wp-content\/plugins\/seo-by-rank-math\/assets\/admin\/img\/icon-gif.png","path":"\/var\/www\/html\/public_html\/wp-content\/plugins\/seo-by-rank-math\/assets\/admin\/img\/icon-gif.png","position":"middle_center"}},"defautOgImage":"https:\/\/regenerative-thermal-oxidizers.com\/wp-content\/plugins\/seo-by-rank-math\/assets\/admin\/img\/social-placeholder.jpg","customPermalinks":true,"isUserRegistered":false,"autoSuggestKeywords":false,"connectSiteUrl":"https:\/\/rankmath.com\/auth?site=https%3A%2F%2Fregenerative-thermal-oxidizers.com%2Fro&r=https%3A%2F%2Fregenerative-thermal-oxidizers.com%2Fro%2Fwp-json%2Fwp%2Fv2%2Fpages%2F3902%3Fnonce%3Dcf211ab451","maxTags":5,"trendsIcon":"<svg viewBox=\"0 0 610 610\"><path d=\"M18.85,446,174.32,290.48l58.08,58.08L76.93,504a14.54,14.54,0,0,1-20.55,0L18.83,466.48a14.54,14.54,0,0,1,0-20.55Z\" style=\"fill:#4285f4\"\/><path d=\"M242.65,242.66,377.59,377.6l-47.75,47.75a14.54,14.54,0,0,1-20.55,0L174.37,290.43l47.75-47.75A14.52,14.52,0,0,1,242.65,242.66Z\" style=\"fill:#ea4335\"\/><polygon points=\"319.53 319.53 479.26 159.8 537.34 217.88 377.61 377.62 319.53 319.53\" style=\"fill:#fabb05\"\/><path d=\"M594.26,262.73V118.61h0a16.94,16.94,0,0,0-16.94-16.94H433.2a16.94,16.94,0,0,0-12,28.92L565.34,274.71h0a16.94,16.94,0,0,0,28.92-12Z\" style=\"fill:#34a853\"\/><rect width=\"610\" height=\"610\" style=\"fill:none\"\/><\/svg>","showScore":true,"siteFavIcon":"https:\/\/regenerative-thermal-oxidizers.com\/wp-content\/uploads\/2022\/11\/cropped-rto-icon-32x32.png","canUser":{"general":false,"advanced":false,"snippet":false,"social":false,"analysis":false,"analytics":false,"content_ai":false},"showKeywordIntent":true,"isPro":false,"is_front_page":false,"trendsUpgradeLink":"https:\/\/rankmath.com\/pricing\/?utm_source=Plugin&utm_medium=CE%20General%20Tab%20Trends&utm_campaign=WP","trendsUpgradeLabel":"Actualizeaz\u0103","trendsPreviewImage":"https:\/\/regenerative-thermal-oxidizers.com\/wp-content\/plugins\/seo-by-rank-math\/assets\/admin\/img\/trends-preview.jpg","currentEditor":false,"homepageData":{"assessor":{"powerWords":[],"diacritics":true,"researchesTests":["contentHasTOC","contentHasShortParagraphs","contentHasAssets","keywordInTitle","keywordInMetaDescription","keywordInPermalink","keywordIn10Percent","keywordInContent","keywordInSubheadings","keywordInImageAlt","keywordDensity","keywordNotUsed","lengthContent","lengthPermalink","linksHasInternal","linksHasExternals","linksNotAllExternals","titleStartWithKeyword","titleSentiment","titleHasPowerWords","titleHasNumber","hasContentAI"],"hasBreadcrumb":false,"serpData":{"title":"1TP2Nume titlu% %pagin\u0103% %sep% 1TP2Descriere titlu%","description":"","titleTemplate":"%sitename% %page% %sep% %sitedesc%","descriptionTemplate":"","focusKeywords":"","breadcrumbTitle":"Home","robots":{"index":true},"advancedRobots":{"max-snippet":"-1","max-video-preview":"-1","max-image-preview":"large"},"facebookTitle":"","facebookDescription":"","facebookImage":"","facebookImageID":""}}},"tocTitle":"Table of Contents","tocExcludeHeadings":[],"listStyle":"ul"},"_links":{"self":[{"href":"https:\/\/regenerative-thermal-oxidizers.com\/ro\/wp-json\/wp\/v2\/pages\/3902","targetHints":{"allow":["GET"]}}],"collection":[{"href":"https:\/\/regenerative-thermal-oxidizers.com\/ro\/wp-json\/wp\/v2\/pages"}],"about":[{"href":"https:\/\/regenerative-thermal-oxidizers.com\/ro\/wp-json\/wp\/v2\/types\/page"}],"author":[{"embeddable":true,"href":"https:\/\/regenerative-thermal-oxidizers.com\/ro\/wp-json\/wp\/v2\/users\/1"}],"replies":[{"embeddable":true,"href":"https:\/\/regenerative-thermal-oxidizers.com\/ro\/wp-json\/wp\/v2\/comments?post=3902"}],"version-history":[{"count":15,"href":"https:\/\/regenerative-thermal-oxidizers.com\/ro\/wp-json\/wp\/v2\/pages\/3902\/revisions"}],"predecessor-version":[{"id":4045,"href":"https:\/\/regenerative-thermal-oxidizers.com\/ro\/wp-json\/wp\/v2\/pages\/3902\/revisions\/4045"}],"wp:attachment":[{"href":"https:\/\/regenerative-thermal-oxidizers.com\/ro\/wp-json\/wp\/v2\/media?parent=3902"}],"curies":[{"name":"wp","href":"https:\/\/api.w.org\/{rel}","templated":true}]}}